{"id":4841,"date":"2021-09-27T18:58:43","date_gmt":"2021-09-27T18:58:43","guid":{"rendered":"https:\/\/www.seardigital.com\/akbakan\/?page_id=4841"},"modified":"2022-02-28T12:35:41","modified_gmt":"2022-02-28T12:35:41","slug":"tasit-tanima","status":"publish","type":"page","link":"https:\/\/akbakan.com\/?page_id=4841","title":{"rendered":"Ta\u015f\u0131t Tan\u0131ma"},"content":{"rendered":"\t\t<div data-elementor-type=\"wp-page\" data-elementor-id=\"4841\" class=\"elementor elementor-4841\" data-elementor-settings=\"[]\">\n\t\t\t\t\t\t<div class=\"elementor-inner\">\n\t\t\t\t\t\t\t<div class=\"elementor-section-wrap\">\n\t\t\t\t\t\t\t<section class=\"elementor-section elementor-top-section elementor-element elementor-element-3885b7b elementor-section-boxed elementor-section-height-default elementor-section-height-default default-style\" data-id=\"3885b7b\" data-element_type=\"section\" data-settings=\"{&quot;rt_color_sets&quot;:&quot;default-style&quot;}\">\n\t\t\t\t\t\t<div class=\"elementor-container elementor-column-gap-default\">\n\t\t\t\t\t\t\t<div class=\"elementor-row\">\n\t\t\t\t\t<div class=\"elementor-column elementor-col-100 elementor-top-column elementor-element elementor-element-162561c\" data-id=\"162561c\" data-element_type=\"column\">\n\t\t\t<div class=\"elementor-column-wrap\">\n\t\t\t\t\t\t\t<div class=\"elementor-widget-wrap\">\n\t\t\t\t\t\t\t\t<\/div>\n\t\t\t\t\t<\/div>\n\t\t<\/div>\n\t\t\t\t\t\t\t\t<\/div>\n\t\t\t\t\t<\/div>\n\t\t<\/section>\n\t\t\t\t<section class=\"elementor-section elementor-top-section elementor-element elementor-element-2165829 elementor-section-boxed elementor-section-height-default elementor-section-height-default default-style\" data-id=\"2165829\" data-element_type=\"section\" data-settings=\"{&quot;rt_color_sets&quot;:&quot;default-style&quot;}\">\n\t\t\t\t\t\t<div class=\"elementor-container elementor-column-gap-default\">\n\t\t\t\t\t\t\t<div class=\"elementor-row\">\n\t\t\t\t\t<div class=\"elementor-column elementor-col-100 elementor-top-column elementor-element elementor-element-8c1d921\" data-id=\"8c1d921\" data-element_type=\"column\">\n\t\t\t<div class=\"elementor-column-wrap elementor-element-populated\">\n\t\t\t\t\t\t\t<div class=\"elementor-widget-wrap\">\n\t\t\t\t\t\t<div class=\"elementor-element elementor-element-c13b3ad elementor-tabs-view-vertical elementor-widget elementor-widget-tabs\" data-id=\"c13b3ad\" data-element_type=\"widget\" data-widget_type=\"tabs.default\">\n\t\t\t\t<div class=\"elementor-widget-container\">\n\t\t\t\t\t<div class=\"elementor-tabs\">\n\t\t\t<div class=\"elementor-tabs-wrapper\" role=\"tablist\" >\n\t\t\t\t\t\t\t\t\t<div id=\"elementor-tab-title-2021\" class=\"elementor-tab-title elementor-tab-desktop-title\" aria-selected=\"true\" data-tab=\"1\" role=\"tab\" tabindex=\"0\" aria-controls=\"elementor-tab-content-2021\" aria-expanded=\"false\">TTS M\u00fc\u015fteri Giri\u015fi<\/div>\n\t\t\t\t\t\t\t\t\t<div id=\"elementor-tab-title-2022\" class=\"elementor-tab-title elementor-tab-desktop-title\" aria-selected=\"false\" data-tab=\"2\" role=\"tab\" tabindex=\"-1\" aria-controls=\"elementor-tab-content-2022\" aria-expanded=\"false\">TTS M\u00fc\u015fteri Ol<\/div>\n\t\t\t\t\t\t\t\t\t<div id=\"elementor-tab-title-2023\" class=\"elementor-tab-title elementor-tab-desktop-title\" aria-selected=\"false\" data-tab=\"3\" role=\"tab\" tabindex=\"-1\" aria-controls=\"elementor-tab-content-2023\" aria-expanded=\"false\">TTS Detaylar\u0131<\/div>\n\t\t\t\t\t\t\t\t\t<div id=\"elementor-tab-title-2024\" class=\"elementor-tab-title elementor-tab-desktop-title\" aria-selected=\"false\" data-tab=\"4\" role=\"tab\" tabindex=\"-1\" aria-controls=\"elementor-tab-content-2024\" aria-expanded=\"false\">Premium Reseller Nedir?<\/div>\n\t\t\t\t\t\t\t<\/div>\n\t\t\t<div class=\"elementor-tabs-content-wrapper\" role=\"tablist\" aria-orientation=\"vertical\">\n\t\t\t\t\t\t\t\t\t<div class=\"elementor-tab-title elementor-tab-mobile-title\" aria-selected=\"true\" data-tab=\"1\" role=\"tab\" tabindex=\"0\" aria-controls=\"elementor-tab-content-2021\" aria-expanded=\"false\">TTS M\u00fc\u015fteri Giri\u015fi<\/div>\n\t\t\t\t\t<div id=\"elementor-tab-content-2021\" class=\"elementor-tab-content elementor-clearfix\" data-tab=\"1\" role=\"tabpanel\" aria-labelledby=\"elementor-tab-title-2021\" tabindex=\"0\" hidden=\"false\"><div class=\"tts-txt\">\n\n                                        <div class=\"title\">TTS M\u00fc\u015fteri Giri\u015fi<\/div>\n<div class=\"row\">\n<p>TTS web sitesi \u00fczerinden a\u015fa\u011f\u0131daki i\u015flemleri yapabilirsiniz.<\/p>\n\n<div class=\"col-sm-4\">\n<ul class=\"ttstasit\">\n\t<li><span><em>1<\/em> L\u0130M\u0130TLEND\u0130RME \u0130\u015eLEMLER\u0130<\/span><\/li>\n\t<li><i class=\"fas fa-plus-circle\"><\/i> Ara\u00e7 baz\u0131nda an\u0131nda limitlendirme<\/li>\n\t<li><i class=\"fas fa-plus-circle\"><\/i> Departman baz\u0131nda an\u0131nda limitlendirme<\/li>\n\t<li><i class=\"fas fa-plus-circle\"><\/i> T\u00fcm ara\u00e7lar\u0131 limitlendirme<\/li>\n\t<li><i class=\"fas fa-plus-circle\"><\/i> G\u00fcnl\u00fck yak\u0131t al\u0131m say\u0131s\u0131 limitlendirmesi<\/li>\n<\/ul>\n<\/div>\n\n<div class=\"col-sm-4\">\n<ul class=\"ttstasit\">\n\t<li><span><em>2<\/em> RARAPORLAMA \u0130\u015eLEMLER\u0130<\/span><\/li>\n\t<li><i class=\"fas fa-plus-circle\"><\/i> Fatura raporlar\u0131<\/li>\n\t<li><i class=\"fas fa-plus-circle\"><\/i> Ara\u00e7 baz\u0131nda t\u00fcketim raporu<\/li>\n\t<li><i class=\"fas fa-plus-circle\"><\/i> Departman t\u00fcketim raporu<\/li>\n\t<li><i class=\"fas fa-plus-circle\"><\/i> Filo t\u00fcketim raporu<\/li>\n\t<li><i class=\"fas fa-plus-circle\"><\/i> Ara\u00e7 baz\u0131nda limit raporu<\/li>\n\t<li><i class=\"fas fa-plus-circle\"><\/i> Departman baz\u0131nda limit raporu<\/li>\n\t<li><i class=\"fas fa-plus-circle\"><\/i> T\u00fcm ara\u00e7lar\u0131 limitlendirme raporu<\/li>\n<\/ul>\n<\/div>\n\n<div class=\"col-sm-4\">\n<ul class=\"ttstasit\">\n\t<li><span><em>3<\/em> G\u00dcNCELLEME\/EK TALEP \u0130\u015eLEMLER\u0130<\/span><\/li>\n\t<li><i class=\"fas fa-plus-circle\"><\/i> Aktif ara\u00e7 listesi<\/li>\n\t<li><i class=\"fas fa-plus-circle\"><\/i> Departman ara\u00e7 listesi<\/li>\n\t<li><i class=\"fas fa-plus-circle\"><\/i> Ara\u00e7 ilave formu<\/li>\n\t<li><i class=\"fas fa-plus-circle\"><\/i> Departman de\u011fi\u015fikli\u011fi ve ara\u00e7 bilgileri g\u00fcncelleme<\/li>\n\t<li><i class=\"fas fa-plus-circle\"><\/i> \u00dcr\u00fcn de\u011fi\u015fikli\u011fi<\/li>\n\t<li><i class=\"fas fa-plus-circle\"><\/i> Yak\u0131t\u0131 al\u0131m\u0131 a\u00e7ma\/kapama<\/li>\n<\/ul>\n<\/div>\n\n<div class=\"girisbuton\"><a  style=\"color:#000\" class=\"girisbtn\" href=\"https:\/\/tts.turkiyeshell.com\/Default.aspx?act=login\" target=\"_blank\"><i class=\"fas fa-sign-in-alt\"><\/i> M\u00dc\u015eTER\u0130 G\u0130R\u0130\u015e\u0130 \u0130\u00c7\u0130N TIKLAYIN<\/a><\/div>\n<\/div>\n\n\n                        <\/div><\/div>\n\t\t\t\t\t\t\t\t\t<div class=\"elementor-tab-title elementor-tab-mobile-title\" aria-selected=\"false\" data-tab=\"2\" role=\"tab\" tabindex=\"-1\" aria-controls=\"elementor-tab-content-2022\" aria-expanded=\"false\">TTS M\u00fc\u015fteri Ol<\/div>\n\t\t\t\t\t<div id=\"elementor-tab-content-2022\" class=\"elementor-tab-content elementor-clearfix\" data-tab=\"2\" role=\"tabpanel\" aria-labelledby=\"elementor-tab-title-2022\" tabindex=\"0\" hidden=\"hidden\"><div class=\"\">\n<div class=\"&quot;\">\n<div class=\"tts-txt\">\n<div class=\"title\">BA\u015eVURU FORMU<\/div>\nDaha detayl\u0131 bilgi almak i\u00e7in l\u00fctfen formu eksiksiz doldurarak g\u00f6nder tu\u015funa bas\u0131n\u0131z.\n<div class=\"\">\n<div class=\"uye-form\">\n<div class=\"&quot;\">\n<div class=\"\">\n\n<label class=\"form-label\" for=\"exampleInputEmail1\">Firma Bilgileri<\/label>\n<div class=\"\"><input class=\"form-control\" type=\"text\" placeholder=\"Ad\" aria-label=\"First name\" \/><\/div>\n<div class=\"\"><input class=\"form-control\" type=\"text\" placeholder=\"Soyad\" aria-label=\"Last name\" \/><\/div>\n<\/div>\n<\/div>\n<div class=\"\">\n<div class=\"\">\n<div class=\"\"><input class=\"form-control\" type=\"number\" placeholder=\"Telefon\" \/><\/div>\n<div class=\"\"><input id=\"exampleInputEmail1\" class=\"form-control\" type=\"email\" placeholder=\"E-mail\" aria-describedby=\"emailHelp\" \/><\/div>\n<\/div>\n<\/div>\n<div class=\"\"><input id=\"formGroupExampleInput\" class=\"form-control\" type=\"text\" placeholder=\"Firma\" \/><\/div>\n<div class=\"&quot;\">\n\n<label class=\"form-label\" for=\"exampleInputEmail1\">Adres Bilgileri<\/label>\n<div class=\"\">\n<div class=\"\"><select class=\"form-select\" aria-label=\"Default select example\">\n<option selected=\"selected\">\u0130l<\/option>\n<option value=\"Adana\">Adana<\/option>\n<option value=\"Ad\u0131yaman\">Ad\u0131yaman<\/option>\n<option value=\"Afyonkarahisar\">Afyonkarahisar<\/option>\n<option value=\"A\u011fr\u0131\">A\u011fr\u0131<\/option>\n<option value=\"Amasya\">Amasya<\/option>\n<option value=\"Ankara\">Ankara<\/option>\n<option value=\"Antalya\">Antalya<\/option>\n<option value=\"Artvin\">Artvin<\/option>\n<option value=\"Ayd\u0131n\">Ayd\u0131n<\/option>\n<option value=\"Bal\u0131kesir\">Bal\u0131kesir<\/option>\n<option value=\"Bilecik\">Bilecik<\/option>\n<\/select><\/div>\n<div class=\"\"><select class=\"form-select\" aria-label=\"Default select example\">\n<option selected=\"selected\">\u0130l\u00e7e<\/option>\n<option selected=\"selected\">\u0130l\u00e7e<\/option>\n<option value=\"Adana\">Adana<\/option>\n<option value=\"Ad\u0131yaman\">Ad\u0131yaman<\/option>\n<option value=\"Afyonkarahisar\">Afyonkarahisar<\/option>\n<option value=\"A\u011fr\u0131\">A\u011fr\u0131<\/option>\n<option value=\"Amasya\">Amasya<\/option>\n<option value=\"Ankara\">Ankara<\/option>\n<option value=\"Antalya\">Antalya<\/option>\n<option value=\"Artvin\">Artvin<\/option>\n<option value=\"Ayd\u0131n\">Ayd\u0131n<\/option>\n<option value=\"Bal\u0131kesir\">Bal\u0131kesir<\/option>\n<option value=\"Bilecik\">Bilecik<\/option>\n<\/select><\/div>\n<\/div>\n<\/div>\n<div class=\"\"><input id=\"exampleFormControlTextarea1\" class=\"form-control\" type=\"text\" placeholder=\"Mahalle, Cadde, Sokak, Daire, Kap\u0131 No\" \/><\/div>\n<div class=\"\">\n<div class=\"\">\n\n<label class=\"form-label\" for=\"exampleInputEmail1\">Kullan\u0131m Bilgileri<\/label>\n<div class=\"\"><input class=\"form-control\" type=\"number\" placeholder=\"Ara\u00e7 Say\u0131s\u0131\" aria-label=\"First name\" \/><\/div>\n<div class=\"\"><input class=\"form-control\" type=\"text\" placeholder=\"Ayl\u0131k T\u00fcketim (TL)\" aria-label=\"Last name\" \/><\/div>\n<\/div>\n<\/div>\n<div class=\"\">\n<div class=\"\">\n<div class=\"\"><label class=\"form-label\" for=\"exampleInputEmail1\">Akaryak\u0131t \u0130htiyac\u0131n\u0131z\u0131 Nas\u0131l Kar\u015f\u0131l\u0131yorsunuz?<\/label>\n<select class=\"form-select\" aria-label=\"Default select example\">\n<option selected=\"selected\">Kredi Kart\u0131<\/option>\n<option value=\"Adana\">Nakit ya da Fi\u015f ile<\/option>\n<option value=\"Ad\u0131yaman\">Farkl\u0131 Bir Ta\u015f\u0131t Tan\u0131ma Sistemi<\/option>\n<option value=\"Afyonkarahisar\">\u0130stasyon Anla\u015fmas\u0131 &#8211; A\u00e7\u0131k Hesap<\/option>\n<\/select><\/div>\n<\/div>\n<\/div>\n<div class=\"\"><input id=\"exampleFormControlTextarea1\" class=\"form-control\" type=\"text\" placeholder=\"Vergi Numaras\u0131\" \/><\/div>\n<div class=\"\"><\/div>\n<div class=\"registerbtn\"><a href=\"https:\/\/tts.turkiyeshell.com\/Default.aspx?act=login\" target=\"_blank\" rel=\"noopener\"><button class=\"buttonfx doubletake\">KAYIT OL<\/button><\/a><\/div>\n<\/div>\n<\/div>\n<\/div>\n<\/div>\n<\/div><\/div>\n\t\t\t\t\t\t\t\t\t<div class=\"elementor-tab-title elementor-tab-mobile-title\" aria-selected=\"false\" data-tab=\"3\" role=\"tab\" tabindex=\"-1\" aria-controls=\"elementor-tab-content-2023\" aria-expanded=\"false\">TTS Detaylar\u0131<\/div>\n\t\t\t\t\t<div id=\"elementor-tab-content-2023\" class=\"elementor-tab-content elementor-clearfix\" data-tab=\"3\" role=\"tabpanel\" aria-labelledby=\"elementor-tab-title-2023\" tabindex=\"0\" hidden=\"hidden\"><div class=\"tts-txt\">\n\n                                        <div class=\"title\">TTS Detaylar\u0131<\/div>\n<p>Shell Ta\u015f\u0131t Tan\u0131ma Sistemi, \u015firket ara\u00e7lar\u0131n\u0131za ekipmanlar monte edilerek ara\u00e7lar\u0131n\u0131z\u0131n T\u00fcrkiye\u2019nin her k\u00f6\u015fesinde TTS hizmeti veren Shell istasyonlar\u0131ndan otomatik yak\u0131t almas\u0131n\u0131 sa\u011flar. Shell, m\u00fc\u015fterilerine 3 farkl\u0131 Ta\u015f\u0131t Tan\u0131ma \u00dcnitesi se\u00e7ene\u011fi sunar.<\/p>\n\n<div class=\"title\">TTS Avantajlar\u0131<\/div>\n\n<p>Shell Ta\u015f\u0131t Tan\u0131ma Sistemi yayg\u0131n istasyon a\u011f\u0131 ile ihtiyac\u0131n\u0131z olan her noktada hizmetinizdedir. Size en yak\u0131n istasyonu bulmak i\u00e7in Shell Mobil Uygulamas\u0131\u2019n\u0131 kullanabilir ya da istasyon listemizi indirebilirsiniz.<\/p>\n\n<ul class=\"ttsul\">\n\t<li><span><i class=\"fas fa-plus-circle\"><\/i> Akaryak\u0131t T\u00fcketiminiz \u0130\u00e7in Tam Kontrol<\/span><br>\n\tFilonuzu Shell Ta\u015f\u0131t Tan\u0131ma Sistemi ile g\u00fcvenli, kolay ve anl\u0131k y\u00f6netebilirsiniz. Ara\u00e7 ve filo baz\u0131nda limitlerinize anl\u0131k eri\u015febilir ve limitlerinizi de\u011fi\u015ftirebilirsiniz. \u0130stedi\u011finiz anda web sitemizden raporlar\u0131n\u0131z\u0131 kontrol edebilirsiniz.<\/li>\n\t<li><span><i class=\"fas fa-plus-circle\"><\/i> Pratik ve H\u0131zl\u0131 Akaryak\u0131t \u0130kmali<\/span><br>\n\t\u0130stasyonda vakit kaybetmeden yak\u0131t ikmali yapabilirsiniz.<\/li>\n\t<li><span><i class=\"fas fa-plus-circle\"><\/i> \u00d6deme Kolayl\u0131\u011f\u0131<\/span><br>\n\tB\u00fct\u00fcn \u00f6demelerinizi tek bir noktaya toplu olarak yapabilirsiniz.<\/li>\n\t<li><span><i class=\"fas fa-plus-circle\"><\/i> Muhasebe Kolayl\u0131\u011f\u0131<\/span><br>\n\tAyl\u0131k toplu fatura ile muhasebe ve idari i\u015flerinizin i\u015f y\u00fck\u00fcn\u00fc azaltabilirsiniz.<\/li>\n\t<li><span><i class=\"fas fa-plus-circle\"><\/i> PLitre \/ Kilometre Takibi<\/span><br>\n\tKilometre kontrol\u00fc sayesinde arac\u0131n\u0131z\u0131n t\u00fcketim performans\u0131n\u0131 izleyebilirsiniz.<\/li>\n\t<li><span><i class=\"fas fa-plus-circle\"><\/i> T\u00fcrkiye&#8217;de Yayg\u0131n Geni\u015f Hizmet A\u011f\u0131<\/span><br>\n\tT\u00fcrkiye geneline yay\u0131lm\u0131\u015f 1000&#8217;i a\u015fk\u0131n Shell istasyonu Ta\u015f\u0131t Tan\u0131ma Sistemi ile donat\u0131lm\u0131\u015ft\u0131r. \u0130stanbul&#8217;dan Mersin&#8217;e, \u0130zmir&#8217;den Van&#8217;a Shell Ta\u015f\u0131t Tan\u0131ma Sistemi ile yolculu\u011funuz \u00e7ok daha keyifli. Ba\u015ftan sona avantajlarla dolu bu sistemden siz de faydalan\u0131n&#8230;<\/li>\n<\/ul>\n\n<div class=\"title\">TA\u015eIT K\u0130ML\u0130K \u00dcN\u0130TELER\u0130<\/div>\n\n<div class=\"row\">\n<div class=\"col-sm-4\"><img decoding=\"async\" alt=\"\" class=\"img-fluid\" src=\"Content\/images\/img\/akilli_halka.jpg\">\n<ul class=\"ttstasit\">\n\t<li><span>Ak\u0131ll\u0131 Halka<\/span><\/li>\n\t<li>Araca monte edilir.<\/li>\n\t<li>Ara\u00e7tan inmeden, g\u00fcvenli ve h\u0131zl\u0131 akaryak\u0131t ikmali.<\/li>\n\t<li>Km sayac\u0131na ba\u011flanmaz, km okuyamaz.<\/li>\n\t<li>H\u0131zl\u0131 ve kolay monte edilir<\/li>\n<\/ul>\n<\/div>\n\n<div class=\"col-sm-4\"><img decoding=\"async\" alt=\"\" class=\"img-fluid\" src=\"Content\/images\/img\/akilli_anahtarlik.jpg\">\n<ul class=\"ttstasit\">\n\t<li><span>Ak\u0131ll\u0131 Anahtarl\u0131k<\/span><\/li>\n\t<li>Montaj gerektirmez, elde ta\u015f\u0131n\u0131r.<\/li>\n\t<li>Km okumaz.<\/li>\n\t<li>Ara\u00e7tan inmeden, g\u00fcvenli ve h\u0131zl\u0131 akaryak\u0131t ikmali.<\/li>\n<\/ul>\n<\/div>\n\n<div class=\"col-sm-4\"><img decoding=\"async\" alt=\"\" class=\"img-fluid\" src=\"Content\/images\/img\/tku.jpg\">\n<ul class=\"ttstasit\">\n\t<li><span>Ta\u015f\u0131t Kimlik \u00dcnitesi<\/span><\/li>\n\t<li>Araca monte edilir.<\/li>\n\t<li>Km sayac\u0131na ba\u011flan\u0131r ve km verisini kaydedebilir.<\/li>\n\t<li>Ara\u00e7tan inmeden, g\u00fcvenli ve h\u0131zl\u0131 akaryak\u0131t ikmali.<\/li>\n\t<li>Detayl\u0131 montaj gerektirir.<\/li>\n<\/ul>\n<\/div>\n<\/div>\n\n\n                        <\/div><\/div>\n\t\t\t\t\t\t\t\t\t<div class=\"elementor-tab-title elementor-tab-mobile-title\" aria-selected=\"false\" data-tab=\"4\" role=\"tab\" tabindex=\"-1\" aria-controls=\"elementor-tab-content-2024\" aria-expanded=\"false\">Premium Reseller Nedir?<\/div>\n\t\t\t\t\t<div id=\"elementor-tab-content-2024\" class=\"elementor-tab-content elementor-clearfix\" data-tab=\"4\" role=\"tabpanel\" aria-labelledby=\"elementor-tab-title-2024\" tabindex=\"0\" hidden=\"hidden\"><div class=\"tts-txt\">\n\n                                        <div class=\"title\">Premium Reseller Nedir?<\/div>\n<p>Shell Ticari Filo Premium Reseller firmalar\u0131,&nbsp;Shell &amp; Turcas Petrol A.\u015e. Ticari Filo departman\u0131na ait \u00fcr\u00fcnleri aktif olarak pazarlama yetkisine sahiplerdir. Dolay\u0131s\u0131yla \u201cPremium Reseller\u201dlar Ticari Filo hizmetleri olan Shell TTS, Shell Partner Card ve Shell FiloPlatform&nbsp;\u00fcr\u00fcnlerinin yetkili sat\u0131c\u0131s\u0131d\u0131r. Ayr\u0131ca Shell TTS \u00fcyelerinin Shell Business Club ayr\u0131cal\u0131klar\u0131na ula\u015fabilmelerini sa\u011flarlar.<\/p>\n\n<p>Bu firmalar, Shell &amp; Turcas Petrol A.\u015e\u2019nin s\u00f6zle\u015fmeli firmalar\u0131d\u0131r ve Shell\u2019in \u00f6nc\u00fc bayisi olma misyonu do\u011frultusunda m\u00fc\u015fterilerine profesyonel bir \u015fekilde global standartlara uygun hizmet verirler.<\/p>\n\n<p><img decoding=\"async\" src=\"\/content\/images\/img\/premium-reseller-logo.png\" width=\"250px\"><\/p>\n\n\n                        <\/div><\/div>\n\t\t\t\t\t\t\t<\/div>\n\t\t<\/div>\n\t\t\t\t<\/div>\n\t\t\t\t<\/div>\n\t\t\t\t\t\t<\/div>\n\t\t\t\t\t<\/div>\n\t\t<\/div>\n\t\t\t\t\t\t\t\t<\/div>\n\t\t\t\t\t<\/div>\n\t\t<\/section>\n\t\t\t\t\t\t<\/div>\n\t\t\t\t\t\t<\/div>\n\t\t\t\t\t<\/div>\n\t\t","protected":false},"excerpt":{"rendered":"<p>TTS M\u00fc\u015fteri Giri\u015fi TTS M\u00fc\u015fteri Ol TTS Detaylar\u0131 Premium Reseller Nedir? TTS M\u00fc\u015fteri Giri\u015fi TTS M\u00fc\u015fteri Giri\u015fi TTS web sitesi \u00fczerinden a\u015fa\u011f\u0131daki i\u015flemleri yapabilirsiniz. 1 L\u0130M\u0130TLEND\u0130RME \u0130\u015eLEMLER\u0130 Ara\u00e7 baz\u0131nda an\u0131nda limitlendirme Departman baz\u0131nda an\u0131nda limitlendirme T\u00fcm ara\u00e7lar\u0131 limitlendirme G\u00fcnl\u00fck yak\u0131t al\u0131m say\u0131s\u0131 limitlendirmesi 2 RARAPORLAMA \u0130\u015eLEMLER\u0130 Fatura raporlar\u0131 Ara\u00e7 baz\u0131nda t\u00fcketim raporu Departman t\u00fcketim raporu [&hellip;]<\/p>\n","protected":false},"author":1,"featured_media":0,"parent":0,"menu_order":0,"comment_status":"closed","ping_status":"closed","template":"","meta":{"footnotes":""},"class_list":["post-4841","page","type-page","status-publish","hentry"],"_links":{"self":[{"href":"https:\/\/akbakan.com\/index.php?rest_route=\/wp\/v2\/pages\/4841","targetHints":{"allow":["GET"]}}],"collection":[{"href":"https:\/\/akbakan.com\/index.php?rest_route=\/wp\/v2\/pages"}],"about":[{"href":"https:\/\/akbakan.com\/index.php?rest_route=\/wp\/v2\/types\/page"}],"author":[{"embeddable":true,"href":"https:\/\/akbakan.com\/index.php?rest_route=\/wp\/v2\/users\/1"}],"replies":[{"embeddable":true,"href":"https:\/\/akbakan.com\/index.php?rest_route=%2Fwp%2Fv2%2Fcomments&post=4841"}],"version-history":[{"count":34,"href":"https:\/\/akbakan.com\/index.php?rest_route=\/wp\/v2\/pages\/4841\/revisions"}],"predecessor-version":[{"id":5003,"href":"https:\/\/akbakan.com\/index.php?rest_route=\/wp\/v2\/pages\/4841\/revisions\/5003"}],"wp:attachment":[{"href":"https:\/\/akbakan.com\/index.php?rest_route=%2Fwp%2Fv2%2Fmedia&parent=4841"}],"curies":[{"name":"wp","href":"https:\/\/api.w.org\/{rel}","templated":true}]}}