{"id":4831,"date":"2021-09-27T18:54:10","date_gmt":"2021-09-27T18:54:10","guid":{"rendered":"https:\/\/www.seardigital.com\/akbakan\/?page_id=4831"},"modified":"2022-02-28T12:49:26","modified_gmt":"2022-02-28T12:49:26","slug":"restaurant-isletmeciligi","status":"publish","type":"page","link":"https:\/\/akbakan.com\/?page_id=4831","title":{"rendered":"Turizm ve Restaurant"},"content":{"rendered":"\t\t<div data-elementor-type=\"wp-page\" data-elementor-id=\"4831\" class=\"elementor elementor-4831\" data-elementor-settings=\"[]\">\n\t\t\t\t\t\t<div class=\"elementor-inner\">\n\t\t\t\t\t\t\t<div class=\"elementor-section-wrap\">\n\t\t\t\t\t\t\t<section class=\"elementor-section elementor-top-section elementor-element elementor-element-afabbdb elementor-section-boxed elementor-section-height-default elementor-section-height-default default-style\" data-id=\"afabbdb\" data-element_type=\"section\" data-settings=\"{&quot;rt_color_sets&quot;:&quot;default-style&quot;}\">\n\t\t\t\t\t\t<div class=\"elementor-container elementor-column-gap-default\">\n\t\t\t\t\t\t\t<div class=\"elementor-row\">\n\t\t\t\t\t<div class=\"elementor-column elementor-col-100 elementor-top-column elementor-element elementor-element-621825fd\" data-id=\"621825fd\" data-element_type=\"column\">\n\t\t\t<div class=\"elementor-column-wrap elementor-element-populated\">\n\t\t\t\t\t\t\t<div class=\"elementor-widget-wrap\">\n\t\t\t\t\t\t<div class=\"elementor-element elementor-element-67e986b4 elementor-widget elementor-widget-text-editor\" data-id=\"67e986b4\" data-element_type=\"widget\" data-widget_type=\"text-editor.default\">\n\t\t\t\t<div class=\"elementor-widget-container\">\n\t\t\t\t\t\t\t\t<div class=\"elementor-text-editor elementor-clearfix\">\n\t\t\t\t<!-- wp:paragraph -->\n<p><a href=\"http:\/\/www.akbakan.com\/restaurant.html\" target=\"_blank\" rel=\"noreferrer noopener\"><\/a><\/p>\n<!-- \/wp:paragraph -->\t\t\t\t\t<\/div>\n\t\t\t\t\t\t<\/div>\n\t\t\t\t<\/div>\n\t\t\t\t\t\t<\/div>\n\t\t\t\t\t<\/div>\n\t\t<\/div>\n\t\t\t\t\t\t\t\t<\/div>\n\t\t\t\t\t<\/div>\n\t\t<\/section>\n\t\t\t\t<section class=\"elementor-section elementor-top-section elementor-element elementor-element-1270402 elementor-section-boxed elementor-section-height-default elementor-section-height-default default-style\" data-id=\"1270402\" data-element_type=\"section\" data-settings=\"{&quot;rt_color_sets&quot;:&quot;default-style&quot;}\">\n\t\t\t\t\t\t<div class=\"elementor-container elementor-column-gap-default\">\n\t\t\t\t\t\t\t<div class=\"elementor-row\">\n\t\t\t\t\t<div class=\"elementor-column elementor-col-100 elementor-top-column elementor-element elementor-element-aeb2e80\" data-id=\"aeb2e80\" data-element_type=\"column\">\n\t\t\t<div class=\"elementor-column-wrap elementor-element-populated\">\n\t\t\t\t\t\t\t<div class=\"elementor-widget-wrap\">\n\t\t\t\t\t\t<div class=\"elementor-element elementor-element-e7f8f45 elementor-widget elementor-widget-heading\" data-id=\"e7f8f45\" data-element_type=\"widget\" data-widget_type=\"heading.default\">\n\t\t\t\t<div class=\"elementor-widget-container\">\n\t\t\t<h2 class=\"elementor-heading-title elementor-size-default\">Restaurant \u0130\u015fletmecili\u011fi<\/h2>\t\t<\/div>\n\t\t\t\t<\/div>\n\t\t\t\t\t\t<\/div>\n\t\t\t\t\t<\/div>\n\t\t<\/div>\n\t\t\t\t\t\t\t\t<\/div>\n\t\t\t\t\t<\/div>\n\t\t<\/section>\n\t\t\t\t<section class=\"elementor-section elementor-top-section elementor-element elementor-element-5a7b8fe elementor-section-boxed elementor-section-height-default elementor-section-height-default default-style\" data-id=\"5a7b8fe\" data-element_type=\"section\" data-settings=\"{&quot;rt_color_sets&quot;:&quot;default-style&quot;}\">\n\t\t\t\t\t\t<div class=\"elementor-container elementor-column-gap-default\">\n\t\t\t\t\t\t\t<div class=\"elementor-row\">\n\t\t\t\t\t<div class=\"elementor-column elementor-col-50 elementor-top-column elementor-element elementor-element-4fdeda4\" data-id=\"4fdeda4\" data-element_type=\"column\">\n\t\t\t<div class=\"elementor-column-wrap elementor-element-populated\">\n\t\t\t\t\t\t\t<div class=\"elementor-widget-wrap\">\n\t\t\t\t\t\t<div class=\"elementor-element elementor-element-9158151 elementor-widget elementor-widget-image\" data-id=\"9158151\" data-element_type=\"widget\" data-widget_type=\"image.default\">\n\t\t\t\t<div class=\"elementor-widget-container\">\n\t\t\t\t\t\t\t\t<div class=\"elementor-image\">\n\t\t\t\t\t\t\t\t\t\t\t\t<img loading=\"lazy\" decoding=\"async\" width=\"450\" height=\"450\" src=\"https:\/\/akbakan.com\/wp-content\/uploads\/2022\/02\/denizkent-rest.jpg\" class=\"attachment-full size-full\" alt=\"\" srcset=\"https:\/\/akbakan.com\/wp-content\/uploads\/2022\/02\/denizkent-rest.jpg 450w, https:\/\/akbakan.com\/wp-content\/uploads\/2022\/02\/denizkent-rest-300x300.jpg 300w, https:\/\/akbakan.com\/wp-content\/uploads\/2022\/02\/denizkent-rest-150x150.jpg 150w, https:\/\/akbakan.com\/wp-content\/uploads\/2022\/02\/denizkent-rest-225x225.jpg 225w, https:\/\/akbakan.com\/wp-content\/uploads\/2022\/02\/denizkent-rest-100x100.jpg 100w\" sizes=\"auto, (max-width: 450px) 100vw, 450px\" \/>\t\t\t\t\t\t\t\t\t\t\t\t\t\t<\/div>\n\t\t\t\t\t\t<\/div>\n\t\t\t\t<\/div>\n\t\t\t\t\t\t<\/div>\n\t\t\t\t\t<\/div>\n\t\t<\/div>\n\t\t\t\t<div class=\"elementor-column elementor-col-50 elementor-top-column elementor-element elementor-element-437036a\" data-id=\"437036a\" data-element_type=\"column\">\n\t\t\t<div class=\"elementor-column-wrap elementor-element-populated\">\n\t\t\t\t\t\t\t<div class=\"elementor-widget-wrap\">\n\t\t\t\t\t\t<div class=\"elementor-element elementor-element-7a1e938 elementor-widget elementor-widget-text-editor\" data-id=\"7a1e938\" data-element_type=\"widget\" data-widget_type=\"text-editor.default\">\n\t\t\t\t<div class=\"elementor-widget-container\">\n\t\t\t\t\t\t\t\t<div class=\"elementor-text-editor elementor-clearfix\">\n\t\t\t\t\u00c7anakkale Biga il\u00e7esinde bulunan istasyonumuzda  2012 y\u0131l\u0131nda a\u00e7m\u0131\u015f oldu\u011fumuz Et restaurant ile G\u0131da ve Turizm sekt\u00f6r\u00fcnde yer almaktay\u0131z. Ayr\u0131ca Sar\u0131k\u00f6y\u2019de bulunan Akaryak\u0131t istasyonumuz\u2019da 100 ki\u015filik restaurant\u0131m\u0131z ile hizmet vermekteyiz.\t\t\t\t\t<\/div>\n\t\t\t\t\t\t<\/div>\n\t\t\t\t<\/div>\n\t\t\t\t\t\t<\/div>\n\t\t\t\t\t<\/div>\n\t\t<\/div>\n\t\t\t\t\t\t\t\t<\/div>\n\t\t\t\t\t<\/div>\n\t\t<\/section>\n\t\t\t\t\t\t<\/div>\n\t\t\t\t\t\t<\/div>\n\t\t\t\t\t<\/div>\n\t\t","protected":false},"excerpt":{"rendered":"<p>Restaurant \u0130\u015fletmecili\u011fi \u00c7anakkale Biga il\u00e7esinde bulunan istasyonumuzda 2012 y\u0131l\u0131nda a\u00e7m\u0131\u015f oldu\u011fumuz Et restaurant ile G\u0131da ve Turizm sekt\u00f6r\u00fcnde yer almaktay\u0131z. Ayr\u0131ca Sar\u0131k\u00f6y\u2019de bulunan Akaryak\u0131t istasyonumuz\u2019da 100 ki\u015filik restaurant\u0131m\u0131z ile hizmet vermekteyiz.<\/p>\n","protected":false},"author":1,"featured_media":0,"parent":0,"menu_order":0,"comment_status":"closed","ping_status":"closed","template":"","meta":{"footnotes":""},"class_list":["post-4831","page","type-page","status-publish","hentry"],"_links":{"self":[{"href":"https:\/\/akbakan.com\/index.php?rest_route=\/wp\/v2\/pages\/4831","targetHints":{"allow":["GET"]}}],"collection":[{"href":"https:\/\/akbakan.com\/index.php?rest_route=\/wp\/v2\/pages"}],"about":[{"href":"https:\/\/akbakan.com\/index.php?rest_route=\/wp\/v2\/types\/page"}],"author":[{"embeddable":true,"href":"https:\/\/akbakan.com\/index.php?rest_route=\/wp\/v2\/users\/1"}],"replies":[{"embeddable":true,"href":"https:\/\/akbakan.com\/index.php?rest_route=%2Fwp%2Fv2%2Fcomments&post=4831"}],"version-history":[{"count":14,"href":"https:\/\/akbakan.com\/index.php?rest_route=\/wp\/v2\/pages\/4831\/revisions"}],"predecessor-version":[{"id":5022,"href":"https:\/\/akbakan.com\/index.php?rest_route=\/wp\/v2\/pages\/4831\/revisions\/5022"}],"wp:attachment":[{"href":"https:\/\/akbakan.com\/index.php?rest_route=%2Fwp%2Fv2%2Fmedia&parent=4831"}],"curies":[{"name":"wp","href":"https:\/\/api.w.org\/{rel}","templated":true}]}}