{"id":4816,"date":"2021-09-27T18:51:43","date_gmt":"2021-09-27T18:51:43","guid":{"rendered":"https:\/\/www.seardigital.com\/akbakan\/?page_id=4816"},"modified":"2022-03-01T08:24:41","modified_gmt":"2022-03-01T08:24:41","slug":"tarim-ve-haycvancilik","status":"publish","type":"page","link":"https:\/\/akbakan.com\/?page_id=4816","title":{"rendered":"Tar\u0131m ve Haycvanc\u0131l\u0131k"},"content":{"rendered":"\t\t<div data-elementor-type=\"wp-page\" data-elementor-id=\"4816\" class=\"elementor elementor-4816\" data-elementor-settings=\"[]\">\n\t\t\t\t\t\t<div class=\"elementor-inner\">\n\t\t\t\t\t\t\t<div class=\"elementor-section-wrap\">\n\t\t\t\t\t\t\t<section class=\"elementor-section elementor-top-section elementor-element elementor-element-463be3b elementor-section-boxed elementor-section-height-default elementor-section-height-default default-style\" data-id=\"463be3b\" data-element_type=\"section\" data-settings=\"{&quot;rt_color_sets&quot;:&quot;default-style&quot;}\">\n\t\t\t\t\t\t<div class=\"elementor-container elementor-column-gap-default\">\n\t\t\t\t\t\t\t<div class=\"elementor-row\">\n\t\t\t\t\t<div class=\"elementor-column elementor-col-100 elementor-top-column elementor-element elementor-element-e4b1870\" data-id=\"e4b1870\" data-element_type=\"column\">\n\t\t\t<div class=\"elementor-column-wrap elementor-element-populated\">\n\t\t\t\t\t\t\t<div class=\"elementor-widget-wrap\">\n\t\t\t\t\t\t<div class=\"elementor-element elementor-element-7cbee18 elementor-widget elementor-widget-heading\" data-id=\"7cbee18\" data-element_type=\"widget\" data-widget_type=\"heading.default\">\n\t\t\t\t<div class=\"elementor-widget-container\">\n\t\t\t<h2 class=\"elementor-heading-title elementor-size-default\">Tar\u0131m ve Hayvanc\u0131l\u0131k<\/h2>\t\t<\/div>\n\t\t\t\t<\/div>\n\t\t\t\t\t\t<\/div>\n\t\t\t\t\t<\/div>\n\t\t<\/div>\n\t\t\t\t\t\t\t\t<\/div>\n\t\t\t\t\t<\/div>\n\t\t<\/section>\n\t\t\t\t<section class=\"elementor-section elementor-top-section elementor-element elementor-element-80a4d25 elementor-section-boxed elementor-section-height-default elementor-section-height-default default-style\" data-id=\"80a4d25\" data-element_type=\"section\" data-settings=\"{&quot;rt_color_sets&quot;:&quot;default-style&quot;}\">\n\t\t\t\t\t\t<div class=\"elementor-container elementor-column-gap-default\">\n\t\t\t\t\t\t\t<div class=\"elementor-row\">\n\t\t\t\t\t<div class=\"elementor-column elementor-col-50 elementor-top-column elementor-element elementor-element-f31dbf9\" data-id=\"f31dbf9\" data-element_type=\"column\">\n\t\t\t<div class=\"elementor-column-wrap elementor-element-populated\">\n\t\t\t\t\t\t\t<div class=\"elementor-widget-wrap\">\n\t\t\t\t\t\t<div class=\"elementor-element elementor-element-d54d5f4 elementor-widget elementor-widget-image\" data-id=\"d54d5f4\" data-element_type=\"widget\" data-widget_type=\"image.default\">\n\t\t\t\t<div class=\"elementor-widget-container\">\n\t\t\t\t\t\t\t\t<div class=\"elementor-image\">\n\t\t\t\t\t\t\t\t\t\t\t\t<img loading=\"lazy\" decoding=\"async\" width=\"700\" height=\"450\" src=\"https:\/\/akbakan.com\/wp-content\/uploads\/2022\/01\/thumbs_b_c_f9083246614129be12ad6bda9ef3c869_700_450.jpg\" class=\"attachment-large size-large\" alt=\"\" srcset=\"https:\/\/akbakan.com\/wp-content\/uploads\/2022\/01\/thumbs_b_c_f9083246614129be12ad6bda9ef3c869_700_450.jpg 700w, https:\/\/akbakan.com\/wp-content\/uploads\/2022\/01\/thumbs_b_c_f9083246614129be12ad6bda9ef3c869_700_450-300x193.jpg 300w, https:\/\/akbakan.com\/wp-content\/uploads\/2022\/01\/thumbs_b_c_f9083246614129be12ad6bda9ef3c869_700_450-350x225.jpg 350w, https:\/\/akbakan.com\/wp-content\/uploads\/2022\/01\/thumbs_b_c_f9083246614129be12ad6bda9ef3c869_700_450-600x386.jpg 600w\" sizes=\"auto, (max-width: 700px) 100vw, 700px\" \/>\t\t\t\t\t\t\t\t\t\t\t\t\t\t<\/div>\n\t\t\t\t\t\t<\/div>\n\t\t\t\t<\/div>\n\t\t\t\t\t\t<\/div>\n\t\t\t\t\t<\/div>\n\t\t<\/div>\n\t\t\t\t<div class=\"elementor-column elementor-col-50 elementor-top-column elementor-element elementor-element-72a3320\" data-id=\"72a3320\" data-element_type=\"column\">\n\t\t\t<div class=\"elementor-column-wrap elementor-element-populated\">\n\t\t\t\t\t\t\t<div class=\"elementor-widget-wrap\">\n\t\t\t\t\t\t<div class=\"elementor-element elementor-element-f6c24ea elementor-widget elementor-widget-text-editor\" data-id=\"f6c24ea\" data-element_type=\"widget\" data-widget_type=\"text-editor.default\">\n\t\t\t\t<div class=\"elementor-widget-container\">\n\t\t\t\t\t\t\t\t<div class=\"elementor-text-editor elementor-clearfix\">\n\t\t\t\t<p>\u00c7eltik, ay\u00e7i\u00e7e\u011fi, bu\u011fday gibi tar\u0131msal alanlarda \u00fcretim faaliyetini ger\u00e7ekle\u015ftirmekteyiz. K\u00fc\u00e7\u00fck ve b\u00fcy\u00fck ba\u015f hayvan yeti\u015ftiricili\u011fi b\u00fcnyemizde bulunmaktad\u0131r.<\/p>\t\t\t\t\t<\/div>\n\t\t\t\t\t\t<\/div>\n\t\t\t\t<\/div>\n\t\t\t\t\t\t<\/div>\n\t\t\t\t\t<\/div>\n\t\t<\/div>\n\t\t\t\t\t\t\t\t<\/div>\n\t\t\t\t\t<\/div>\n\t\t<\/section>\n\t\t\t\t\t\t<\/div>\n\t\t\t\t\t\t<\/div>\n\t\t\t\t\t<\/div>\n\t\t","protected":false},"excerpt":{"rendered":"<p>Tar\u0131m ve Hayvanc\u0131l\u0131k \u00c7eltik, ay\u00e7i\u00e7e\u011fi, bu\u011fday gibi tar\u0131msal alanlarda \u00fcretim faaliyetini ger\u00e7ekle\u015ftirmekteyiz. K\u00fc\u00e7\u00fck ve b\u00fcy\u00fck ba\u015f hayvan yeti\u015ftiricili\u011fi b\u00fcnyemizde bulunmaktad\u0131r.<\/p>\n","protected":false},"author":1,"featured_media":0,"parent":0,"menu_order":0,"comment_status":"closed","ping_status":"closed","template":"","meta":{"footnotes":""},"class_list":["post-4816","page","type-page","status-publish","hentry"],"_links":{"self":[{"href":"https:\/\/akbakan.com\/index.php?rest_route=\/wp\/v2\/pages\/4816","targetHints":{"allow":["GET"]}}],"collection":[{"href":"https:\/\/akbakan.com\/index.php?rest_route=\/wp\/v2\/pages"}],"about":[{"href":"https:\/\/akbakan.com\/index.php?rest_route=\/wp\/v2\/types\/page"}],"author":[{"embeddable":true,"href":"https:\/\/akbakan.com\/index.php?rest_route=\/wp\/v2\/users\/1"}],"replies":[{"embeddable":true,"href":"https:\/\/akbakan.com\/index.php?rest_route=%2Fwp%2Fv2%2Fcomments&post=4816"}],"version-history":[{"count":14,"href":"https:\/\/akbakan.com\/index.php?rest_route=\/wp\/v2\/pages\/4816\/revisions"}],"predecessor-version":[{"id":5028,"href":"https:\/\/akbakan.com\/index.php?rest_route=\/wp\/v2\/pages\/4816\/revisions\/5028"}],"wp:attachment":[{"href":"https:\/\/akbakan.com\/index.php?rest_route=%2Fwp%2Fv2%2Fmedia&parent=4816"}],"curies":[{"name":"wp","href":"https:\/\/api.w.org\/{rel}","templated":true}]}}