{"id":4811,"date":"2021-09-27T18:38:25","date_gmt":"2021-09-27T18:38:25","guid":{"rendered":"https:\/\/www.seardigital.com\/akbakan\/?page_id=4811"},"modified":"2022-01-19T12:56:30","modified_gmt":"2022-01-19T12:56:30","slug":"nakliyat","status":"publish","type":"page","link":"https:\/\/akbakan.com\/?page_id=4811","title":{"rendered":"Nakliyat"},"content":{"rendered":"\t\t<div data-elementor-type=\"wp-page\" data-elementor-id=\"4811\" class=\"elementor elementor-4811\" data-elementor-settings=\"[]\">\n\t\t\t\t\t\t<div class=\"elementor-inner\">\n\t\t\t\t\t\t\t<div class=\"elementor-section-wrap\">\n\t\t\t\t\t\t\t<section class=\"elementor-section elementor-top-section elementor-element elementor-element-7f0f6e5 elementor-section-boxed elementor-section-height-default elementor-section-height-default default-style\" data-id=\"7f0f6e5\" data-element_type=\"section\" data-settings=\"{&quot;rt_color_sets&quot;:&quot;default-style&quot;}\">\n\t\t\t\t\t\t<div class=\"elementor-container elementor-column-gap-default\">\n\t\t\t\t\t\t\t<div class=\"elementor-row\">\n\t\t\t\t\t<div class=\"elementor-column elementor-col-100 elementor-top-column elementor-element elementor-element-36dda9c\" data-id=\"36dda9c\" data-element_type=\"column\">\n\t\t\t<div class=\"elementor-column-wrap elementor-element-populated\">\n\t\t\t\t\t\t\t<div class=\"elementor-widget-wrap\">\n\t\t\t\t\t\t<div class=\"elementor-element elementor-element-c724fd7 elementor-widget elementor-widget-heading\" data-id=\"c724fd7\" data-element_type=\"widget\" data-widget_type=\"heading.default\">\n\t\t\t\t<div class=\"elementor-widget-container\">\n\t\t\t<h2 class=\"elementor-heading-title elementor-size-default\">Nakliyat<\/h2>\t\t<\/div>\n\t\t\t\t<\/div>\n\t\t\t\t\t\t<\/div>\n\t\t\t\t\t<\/div>\n\t\t<\/div>\n\t\t\t\t\t\t\t\t<\/div>\n\t\t\t\t\t<\/div>\n\t\t<\/section>\n\t\t\t\t<section class=\"elementor-section elementor-top-section elementor-element elementor-element-eea1020 elementor-section-boxed elementor-section-height-default elementor-section-height-default default-style\" data-id=\"eea1020\" data-element_type=\"section\" data-settings=\"{&quot;rt_color_sets&quot;:&quot;default-style&quot;}\">\n\t\t\t\t\t\t<div class=\"elementor-container elementor-column-gap-default\">\n\t\t\t\t\t\t\t<div class=\"elementor-row\">\n\t\t\t\t\t<div class=\"elementor-column elementor-col-50 elementor-top-column elementor-element elementor-element-6797de3\" data-id=\"6797de3\" data-element_type=\"column\">\n\t\t\t<div class=\"elementor-column-wrap elementor-element-populated\">\n\t\t\t\t\t\t\t<div class=\"elementor-widget-wrap\">\n\t\t\t\t\t\t<div class=\"elementor-element elementor-element-91696d8 elementor-widget elementor-widget-image\" data-id=\"91696d8\" data-element_type=\"widget\" data-widget_type=\"image.default\">\n\t\t\t\t<div class=\"elementor-widget-container\">\n\t\t\t\t\t\t\t\t<div class=\"elementor-image\">\n\t\t\t\t\t\t\t\t\t\t\t\t<img loading=\"lazy\" decoding=\"async\" width=\"800\" height=\"425\" src=\"https:\/\/akbakan.com\/wp-content\/uploads\/2022\/01\/nakliyat-nedir.jpg\" class=\"attachment-large size-large\" alt=\"\" srcset=\"https:\/\/akbakan.com\/wp-content\/uploads\/2022\/01\/nakliyat-nedir.jpg 800w, https:\/\/akbakan.com\/wp-content\/uploads\/2022\/01\/nakliyat-nedir-300x159.jpg 300w, https:\/\/akbakan.com\/wp-content\/uploads\/2022\/01\/nakliyat-nedir-768x408.jpg 768w, https:\/\/akbakan.com\/wp-content\/uploads\/2022\/01\/nakliyat-nedir-400x212.jpg 400w, https:\/\/akbakan.com\/wp-content\/uploads\/2022\/01\/nakliyat-nedir-600x319.jpg 600w\" sizes=\"auto, (max-width: 800px) 100vw, 800px\" \/>\t\t\t\t\t\t\t\t\t\t\t\t\t\t<\/div>\n\t\t\t\t\t\t<\/div>\n\t\t\t\t<\/div>\n\t\t\t\t\t\t<\/div>\n\t\t\t\t\t<\/div>\n\t\t<\/div>\n\t\t\t\t<div class=\"elementor-column elementor-col-50 elementor-top-column elementor-element elementor-element-eaaee2c\" data-id=\"eaaee2c\" data-element_type=\"column\">\n\t\t\t<div class=\"elementor-column-wrap elementor-element-populated\">\n\t\t\t\t\t\t\t<div class=\"elementor-widget-wrap\">\n\t\t\t\t\t\t<div class=\"elementor-element elementor-element-45da101 elementor-widget elementor-widget-text-editor\" data-id=\"45da101\" data-element_type=\"widget\" data-widget_type=\"text-editor.default\">\n\t\t\t\t<div class=\"elementor-widget-container\">\n\t\t\t\t\t\t\t\t<div class=\"elementor-text-editor elementor-clearfix\">\n\t\t\t\t<p>Akarkay\u0131t nakliyesi kendi b\u00fcnyemizdeki ara\u00e7lar ile sa\u011flanmakta olup, ayr\u0131ca Akaryak\u0131t ticari sat\u0131\u015flar\u0131 i\u00e7inde kullan\u0131lmaktad\u0131r.<\/p>\t\t\t\t\t<\/div>\n\t\t\t\t\t\t<\/div>\n\t\t\t\t<\/div>\n\t\t\t\t\t\t<\/div>\n\t\t\t\t\t<\/div>\n\t\t<\/div>\n\t\t\t\t\t\t\t\t<\/div>\n\t\t\t\t\t<\/div>\n\t\t<\/section>\n\t\t\t\t\t\t<\/div>\n\t\t\t\t\t\t<\/div>\n\t\t\t\t\t<\/div>\n\t\t","protected":false},"excerpt":{"rendered":"<p>Nakliyat Akarkay\u0131t nakliyesi kendi b\u00fcnyemizdeki ara\u00e7lar ile sa\u011flanmakta olup, ayr\u0131ca Akaryak\u0131t ticari sat\u0131\u015flar\u0131 i\u00e7inde kullan\u0131lmaktad\u0131r.<\/p>\n","protected":false},"author":1,"featured_media":0,"parent":0,"menu_order":0,"comment_status":"closed","ping_status":"closed","template":"","meta":{"footnotes":""},"class_list":["post-4811","page","type-page","status-publish","hentry"],"_links":{"self":[{"href":"https:\/\/akbakan.com\/index.php?rest_route=\/wp\/v2\/pages\/4811","targetHints":{"allow":["GET"]}}],"collection":[{"href":"https:\/\/akbakan.com\/index.php?rest_route=\/wp\/v2\/pages"}],"about":[{"href":"https:\/\/akbakan.com\/index.php?rest_route=\/wp\/v2\/types\/page"}],"author":[{"embeddable":true,"href":"https:\/\/akbakan.com\/index.php?rest_route=\/wp\/v2\/users\/1"}],"replies":[{"embeddable":true,"href":"https:\/\/akbakan.com\/index.php?rest_route=%2Fwp%2Fv2%2Fcomments&post=4811"}],"version-history":[{"count":7,"href":"https:\/\/akbakan.com\/index.php?rest_route=\/wp\/v2\/pages\/4811\/revisions"}],"predecessor-version":[{"id":4948,"href":"https:\/\/akbakan.com\/index.php?rest_route=\/wp\/v2\/pages\/4811\/revisions\/4948"}],"wp:attachment":[{"href":"https:\/\/akbakan.com\/index.php?rest_route=%2Fwp%2Fv2%2Fmedia&parent=4811"}],"curies":[{"name":"wp","href":"https:\/\/api.w.org\/{rel}","templated":true}]}}