{"id":4806,"date":"2021-09-27T18:37:26","date_gmt":"2021-09-27T18:37:26","guid":{"rendered":"https:\/\/www.seardigital.com\/akbakan\/?page_id=4806"},"modified":"2022-02-28T12:20:41","modified_gmt":"2022-02-28T12:20:41","slug":"madeni-yag","status":"publish","type":"page","link":"https:\/\/akbakan.com\/?page_id=4806","title":{"rendered":"Madeni Ya\u011f"},"content":{"rendered":"\t\t<div data-elementor-type=\"wp-page\" data-elementor-id=\"4806\" class=\"elementor elementor-4806\" data-elementor-settings=\"[]\">\n\t\t\t\t\t\t<div class=\"elementor-inner\">\n\t\t\t\t\t\t\t<div class=\"elementor-section-wrap\">\n\t\t\t\t\t\t\t<section class=\"elementor-section elementor-top-section elementor-element elementor-element-c62e84c elementor-section-boxed elementor-section-height-default elementor-section-height-default default-style\" data-id=\"c62e84c\" data-element_type=\"section\" data-settings=\"{&quot;rt_color_sets&quot;:&quot;default-style&quot;}\">\n\t\t\t\t\t\t<div class=\"elementor-container elementor-column-gap-default\">\n\t\t\t\t\t\t\t<div class=\"elementor-row\">\n\t\t\t\t\t<div class=\"elementor-column elementor-col-100 elementor-top-column elementor-element elementor-element-4919718\" data-id=\"4919718\" data-element_type=\"column\">\n\t\t\t<div class=\"elementor-column-wrap elementor-element-populated\">\n\t\t\t\t\t\t\t<div class=\"elementor-widget-wrap\">\n\t\t\t\t\t\t<div class=\"elementor-element elementor-element-056c731 elementor-widget elementor-widget-heading\" data-id=\"056c731\" data-element_type=\"widget\" data-widget_type=\"heading.default\">\n\t\t\t\t<div class=\"elementor-widget-container\">\n\t\t\t<h2 class=\"elementor-heading-title elementor-size-default\">Madeni Ya\u011f<\/h2>\t\t<\/div>\n\t\t\t\t<\/div>\n\t\t\t\t\t\t<\/div>\n\t\t\t\t\t<\/div>\n\t\t<\/div>\n\t\t\t\t\t\t\t\t<\/div>\n\t\t\t\t\t<\/div>\n\t\t<\/section>\n\t\t\t\t<section class=\"elementor-section elementor-top-section elementor-element elementor-element-b343cf5 elementor-section-boxed elementor-section-height-default elementor-section-height-default default-style\" data-id=\"b343cf5\" data-element_type=\"section\" data-settings=\"{&quot;rt_color_sets&quot;:&quot;default-style&quot;}\">\n\t\t\t\t\t\t<div class=\"elementor-container elementor-column-gap-default\">\n\t\t\t\t\t\t\t<div class=\"elementor-row\">\n\t\t\t\t\t<div class=\"elementor-column elementor-col-50 elementor-top-column elementor-element elementor-element-14498af\" data-id=\"14498af\" data-element_type=\"column\">\n\t\t\t<div class=\"elementor-column-wrap elementor-element-populated\">\n\t\t\t\t\t\t\t<div class=\"elementor-widget-wrap\">\n\t\t\t\t\t\t<div class=\"elementor-element elementor-element-5af9863 elementor-widget elementor-widget-image\" data-id=\"5af9863\" data-element_type=\"widget\" data-widget_type=\"image.default\">\n\t\t\t\t<div class=\"elementor-widget-container\">\n\t\t\t\t\t\t\t\t<div class=\"elementor-image\">\n\t\t\t\t\t\t\t\t\t\t\t\t<img loading=\"lazy\" decoding=\"async\" width=\"600\" height=\"411\" src=\"https:\/\/akbakan.com\/wp-content\/uploads\/2022\/01\/a3f122f8f6fc45b6bd4ff3f294f16b2d_anasayfaaltkisim.jpg\" class=\"attachment-large size-large\" alt=\"\" srcset=\"https:\/\/akbakan.com\/wp-content\/uploads\/2022\/01\/a3f122f8f6fc45b6bd4ff3f294f16b2d_anasayfaaltkisim.jpg 600w, https:\/\/akbakan.com\/wp-content\/uploads\/2022\/01\/a3f122f8f6fc45b6bd4ff3f294f16b2d_anasayfaaltkisim-300x205.jpg 300w\" sizes=\"auto, (max-width: 600px) 100vw, 600px\" \/>\t\t\t\t\t\t\t\t\t\t\t\t\t\t<\/div>\n\t\t\t\t\t\t<\/div>\n\t\t\t\t<\/div>\n\t\t\t\t\t\t<\/div>\n\t\t\t\t\t<\/div>\n\t\t<\/div>\n\t\t\t\t<div class=\"elementor-column elementor-col-50 elementor-top-column elementor-element elementor-element-85dabe4\" data-id=\"85dabe4\" data-element_type=\"column\">\n\t\t\t<div class=\"elementor-column-wrap elementor-element-populated\">\n\t\t\t\t\t\t\t<div class=\"elementor-widget-wrap\">\n\t\t\t\t\t\t<div class=\"elementor-element elementor-element-30df2c0 elementor-widget elementor-widget-text-editor\" data-id=\"30df2c0\" data-element_type=\"widget\" data-widget_type=\"text-editor.default\">\n\t\t\t\t<div class=\"elementor-widget-container\">\n\t\t\t\t\t\t\t\t<div class=\"elementor-text-editor elementor-clearfix\">\n\t\t\t\t<p>Akbakan Petrol olarak SHELL markal\u0131 t\u00fcm madeni ya\u011f sat\u0131\u015flar\u0131n\u0131 toptan ve perakende olarak yapmaktay\u0131z.<\/p><p>Akbakan Petrol olarak ; \u00a0D\u00fcnya \u00e7ap\u0131nda kalitesi tescillenmi\u015f olan Shell madeni ya\u011flar\u0131n\u0131n G\u00f6nen Sat\u0131\u015f temsilcisi olarak sizlerle \u00e7al\u0131\u015fmaktan mutluluk duyaca\u011f\u0131z.<\/p>\t\t\t\t\t<\/div>\n\t\t\t\t\t\t<\/div>\n\t\t\t\t<\/div>\n\t\t\t\t<div class=\"elementor-element elementor-element-470ac7f elementor-tabs-view-horizontal elementor-widget elementor-widget-tabs\" data-id=\"470ac7f\" data-element_type=\"widget\" data-widget_type=\"tabs.default\">\n\t\t\t\t<div class=\"elementor-widget-container\">\n\t\t\t\t\t<div class=\"elementor-tabs\">\n\t\t\t<div class=\"elementor-tabs-wrapper\" role=\"tablist\" >\n\t\t\t\t\t\t\t\t\t<div id=\"elementor-tab-title-7441\" class=\"elementor-tab-title elementor-tab-desktop-title\" aria-selected=\"true\" data-tab=\"1\" role=\"tab\" tabindex=\"0\" aria-controls=\"elementor-tab-content-7441\" aria-expanded=\"false\">Toptan<\/div>\n\t\t\t\t\t\t\t\t\t<div id=\"elementor-tab-title-7442\" class=\"elementor-tab-title elementor-tab-desktop-title\" aria-selected=\"false\" data-tab=\"2\" role=\"tab\" tabindex=\"-1\" aria-controls=\"elementor-tab-content-7442\" aria-expanded=\"false\">Perakende<\/div>\n\t\t\t\t\t\t\t<\/div>\n\t\t\t<div class=\"elementor-tabs-content-wrapper\" role=\"tablist\" aria-orientation=\"vertical\">\n\t\t\t\t\t\t\t\t\t<div class=\"elementor-tab-title elementor-tab-mobile-title\" aria-selected=\"true\" data-tab=\"1\" role=\"tab\" tabindex=\"0\" aria-controls=\"elementor-tab-content-7441\" aria-expanded=\"false\">Toptan<\/div>\n\t\t\t\t\t<div id=\"elementor-tab-content-7441\" class=\"elementor-tab-content elementor-clearfix\" data-tab=\"1\" role=\"tabpanel\" aria-labelledby=\"elementor-tab-title-7441\" tabindex=\"0\" hidden=\"false\"><p>&#8211;<\/p><\/div>\n\t\t\t\t\t\t\t\t\t<div class=\"elementor-tab-title elementor-tab-mobile-title\" aria-selected=\"false\" data-tab=\"2\" role=\"tab\" tabindex=\"-1\" aria-controls=\"elementor-tab-content-7442\" aria-expanded=\"false\">Perakende<\/div>\n\t\t\t\t\t<div id=\"elementor-tab-content-7442\" class=\"elementor-tab-content elementor-clearfix\" data-tab=\"2\" role=\"tabpanel\" aria-labelledby=\"elementor-tab-title-7442\" tabindex=\"0\" hidden=\"hidden\"><p>&#8211;<\/p><\/div>\n\t\t\t\t\t\t\t<\/div>\n\t\t<\/div>\n\t\t\t\t<\/div>\n\t\t\t\t<\/div>\n\t\t\t\t\t\t<\/div>\n\t\t\t\t\t<\/div>\n\t\t<\/div>\n\t\t\t\t\t\t\t\t<\/div>\n\t\t\t\t\t<\/div>\n\t\t<\/section>\n\t\t\t\t\t\t<\/div>\n\t\t\t\t\t\t<\/div>\n\t\t\t\t\t<\/div>\n\t\t","protected":false},"excerpt":{"rendered":"<p>Madeni Ya\u011f Akbakan Petrol olarak SHELL markal\u0131 t\u00fcm madeni ya\u011f sat\u0131\u015flar\u0131n\u0131 toptan ve perakende olarak yapmaktay\u0131z. Akbakan Petrol olarak ; \u00a0D\u00fcnya \u00e7ap\u0131nda kalitesi tescillenmi\u015f olan Shell madeni ya\u011flar\u0131n\u0131n G\u00f6nen Sat\u0131\u015f temsilcisi olarak sizlerle \u00e7al\u0131\u015fmaktan mutluluk duyaca\u011f\u0131z. Toptan Perakende Toptan &#8211; Perakende &#8211;<\/p>\n","protected":false},"author":1,"featured_media":0,"parent":0,"menu_order":0,"comment_status":"closed","ping_status":"closed","template":"","meta":{"footnotes":""},"class_list":["post-4806","page","type-page","status-publish","hentry"],"_links":{"self":[{"href":"https:\/\/akbakan.com\/index.php?rest_route=\/wp\/v2\/pages\/4806","targetHints":{"allow":["GET"]}}],"collection":[{"href":"https:\/\/akbakan.com\/index.php?rest_route=\/wp\/v2\/pages"}],"about":[{"href":"https:\/\/akbakan.com\/index.php?rest_route=\/wp\/v2\/types\/page"}],"author":[{"embeddable":true,"href":"https:\/\/akbakan.com\/index.php?rest_route=\/wp\/v2\/users\/1"}],"replies":[{"embeddable":true,"href":"https:\/\/akbakan.com\/index.php?rest_route=%2Fwp%2Fv2%2Fcomments&post=4806"}],"version-history":[{"count":10,"href":"https:\/\/akbakan.com\/index.php?rest_route=\/wp\/v2\/pages\/4806\/revisions"}],"predecessor-version":[{"id":4980,"href":"https:\/\/akbakan.com\/index.php?rest_route=\/wp\/v2\/pages\/4806\/revisions\/4980"}],"wp:attachment":[{"href":"https:\/\/akbakan.com\/index.php?rest_route=%2Fwp%2Fv2%2Fmedia&parent=4806"}],"curies":[{"name":"wp","href":"https:\/\/api.w.org\/{rel}","templated":true}]}}