{"id":4801,"date":"2021-09-27T18:36:24","date_gmt":"2021-09-27T18:36:24","guid":{"rendered":"https:\/\/www.seardigital.com\/akbakan\/?page_id=4801"},"modified":"2022-01-19T12:53:54","modified_gmt":"2022-01-19T12:53:54","slug":"akaryakit","status":"publish","type":"page","link":"https:\/\/akbakan.com\/?page_id=4801","title":{"rendered":"Akaryak\u0131t"},"content":{"rendered":"\t\t<div data-elementor-type=\"wp-page\" data-elementor-id=\"4801\" class=\"elementor elementor-4801\" data-elementor-settings=\"[]\">\n\t\t\t\t\t\t<div class=\"elementor-inner\">\n\t\t\t\t\t\t\t<div class=\"elementor-section-wrap\">\n\t\t\t\t\t\t\t<section class=\"elementor-section elementor-top-section elementor-element elementor-element-5a1435d elementor-section-boxed elementor-section-height-default elementor-section-height-default default-style\" data-id=\"5a1435d\" data-element_type=\"section\" data-settings=\"{&quot;rt_color_sets&quot;:&quot;default-style&quot;}\">\n\t\t\t\t\t\t<div class=\"elementor-container elementor-column-gap-default\">\n\t\t\t\t\t\t\t<div class=\"elementor-row\">\n\t\t\t\t\t<div class=\"elementor-column elementor-col-100 elementor-top-column elementor-element elementor-element-ae1d597\" data-id=\"ae1d597\" data-element_type=\"column\">\n\t\t\t<div class=\"elementor-column-wrap elementor-element-populated\">\n\t\t\t\t\t\t\t<div class=\"elementor-widget-wrap\">\n\t\t\t\t\t\t<div class=\"elementor-element elementor-element-a90ec2b elementor-widget elementor-widget-heading\" data-id=\"a90ec2b\" data-element_type=\"widget\" data-widget_type=\"heading.default\">\n\t\t\t\t<div class=\"elementor-widget-container\">\n\t\t\t<h2 class=\"elementor-heading-title elementor-size-default\">AKARYAKIT<\/h2>\t\t<\/div>\n\t\t\t\t<\/div>\n\t\t\t\t\t\t<\/div>\n\t\t\t\t\t<\/div>\n\t\t<\/div>\n\t\t\t\t\t\t\t\t<\/div>\n\t\t\t\t\t<\/div>\n\t\t<\/section>\n\t\t\t\t<section class=\"elementor-section elementor-top-section elementor-element elementor-element-cb6b7c5 elementor-section-boxed elementor-section-height-default elementor-section-height-default default-style\" data-id=\"cb6b7c5\" data-element_type=\"section\" data-settings=\"{&quot;rt_color_sets&quot;:&quot;default-style&quot;}\">\n\t\t\t\t\t\t<div class=\"elementor-container elementor-column-gap-default\">\n\t\t\t\t\t\t\t<div class=\"elementor-row\">\n\t\t\t\t\t<div class=\"elementor-column elementor-col-50 elementor-top-column elementor-element elementor-element-c863c77\" data-id=\"c863c77\" data-element_type=\"column\">\n\t\t\t<div class=\"elementor-column-wrap elementor-element-populated\">\n\t\t\t\t\t\t\t<div class=\"elementor-widget-wrap\">\n\t\t\t\t\t\t<div class=\"elementor-element elementor-element-65a950b elementor-widget elementor-widget-image\" data-id=\"65a950b\" data-element_type=\"widget\" data-widget_type=\"image.default\">\n\t\t\t\t<div class=\"elementor-widget-container\">\n\t\t\t\t\t\t\t\t<div class=\"elementor-image\">\n\t\t\t\t\t\t\t\t\t\t\t\t<img loading=\"lazy\" decoding=\"async\" width=\"760\" height=\"450\" src=\"https:\/\/akbakan.com\/wp-content\/uploads\/2022\/01\/kapak_135452.jpg\" class=\"attachment-large size-large\" alt=\"\" srcset=\"https:\/\/akbakan.com\/wp-content\/uploads\/2022\/01\/kapak_135452.jpg 760w, https:\/\/akbakan.com\/wp-content\/uploads\/2022\/01\/kapak_135452-300x178.jpg 300w, https:\/\/akbakan.com\/wp-content\/uploads\/2022\/01\/kapak_135452-380x225.jpg 380w, https:\/\/akbakan.com\/wp-content\/uploads\/2022\/01\/kapak_135452-600x355.jpg 600w\" sizes=\"auto, (max-width: 760px) 100vw, 760px\" \/>\t\t\t\t\t\t\t\t\t\t\t\t\t\t<\/div>\n\t\t\t\t\t\t<\/div>\n\t\t\t\t<\/div>\n\t\t\t\t\t\t<\/div>\n\t\t\t\t\t<\/div>\n\t\t<\/div>\n\t\t\t\t<div class=\"elementor-column elementor-col-50 elementor-top-column elementor-element elementor-element-452f868\" data-id=\"452f868\" data-element_type=\"column\">\n\t\t\t<div class=\"elementor-column-wrap elementor-element-populated\">\n\t\t\t\t\t\t\t<div class=\"elementor-widget-wrap\">\n\t\t\t\t\t\t<div class=\"elementor-element elementor-element-e8892b7 elementor-widget elementor-widget-text-editor\" data-id=\"e8892b7\" data-element_type=\"widget\" data-widget_type=\"text-editor.default\">\n\t\t\t\t<div class=\"elementor-widget-container\">\n\t\t\t\t\t\t\t\t<div class=\"elementor-text-editor elementor-clearfix\">\n\t\t\t\t<p><strong>Akaryak\u0131t \u0130stasyonu \u015eubelerimiz : G\u00f6nen SHELL, Bu\u011fdayl\u0131 SHELL , Biga SHELL, Sar\u0131k\u00f6y (Lukoil), G\u00fcm\u00fc\u015f\u00e7ay\u00a0(Sunpet<\/strong>) tir. Ayr\u0131ca Biga Shell istasyonumuzun i\u00e7erisinde bir adet Restaurant\u0131m\u0131z bulunmaktad\u0131r.<\/p>\t\t\t\t\t<\/div>\n\t\t\t\t\t\t<\/div>\n\t\t\t\t<\/div>\n\t\t\t\t\t\t<\/div>\n\t\t\t\t\t<\/div>\n\t\t<\/div>\n\t\t\t\t\t\t\t\t<\/div>\n\t\t\t\t\t<\/div>\n\t\t<\/section>\n\t\t\t\t\t\t<\/div>\n\t\t\t\t\t\t<\/div>\n\t\t\t\t\t<\/div>\n\t\t","protected":false},"excerpt":{"rendered":"<p>AKARYAKIT Akaryak\u0131t \u0130stasyonu \u015eubelerimiz : G\u00f6nen SHELL, Bu\u011fdayl\u0131 SHELL , Biga SHELL, Sar\u0131k\u00f6y (Lukoil), G\u00fcm\u00fc\u015f\u00e7ay\u00a0(Sunpet) tir. Ayr\u0131ca Biga Shell istasyonumuzun i\u00e7erisinde bir adet Restaurant\u0131m\u0131z bulunmaktad\u0131r.<\/p>\n","protected":false},"author":1,"featured_media":0,"parent":0,"menu_order":0,"comment_status":"closed","ping_status":"closed","template":"","meta":{"footnotes":""},"class_list":["post-4801","page","type-page","status-publish","hentry"],"_links":{"self":[{"href":"https:\/\/akbakan.com\/index.php?rest_route=\/wp\/v2\/pages\/4801","targetHints":{"allow":["GET"]}}],"collection":[{"href":"https:\/\/akbakan.com\/index.php?rest_route=\/wp\/v2\/pages"}],"about":[{"href":"https:\/\/akbakan.com\/index.php?rest_route=\/wp\/v2\/types\/page"}],"author":[{"embeddable":true,"href":"https:\/\/akbakan.com\/index.php?rest_route=\/wp\/v2\/users\/1"}],"replies":[{"embeddable":true,"href":"https:\/\/akbakan.com\/index.php?rest_route=%2Fwp%2Fv2%2Fcomments&post=4801"}],"version-history":[{"count":10,"href":"https:\/\/akbakan.com\/index.php?rest_route=\/wp\/v2\/pages\/4801\/revisions"}],"predecessor-version":[{"id":4940,"href":"https:\/\/akbakan.com\/index.php?rest_route=\/wp\/v2\/pages\/4801\/revisions\/4940"}],"wp:attachment":[{"href":"https:\/\/akbakan.com\/index.php?rest_route=%2Fwp%2Fv2%2Fmedia&parent=4801"}],"curies":[{"name":"wp","href":"https:\/\/api.w.org\/{rel}","templated":true}]}}