{"id":4221,"date":"2017-07-25T07:01:22","date_gmt":"2017-07-25T07:01:22","guid":{"rendered":"http:\/\/businesslounge-elementor.rtthemes.com\/?page_id=4221"},"modified":"2022-02-28T12:24:18","modified_gmt":"2022-02-28T12:24:18","slug":"contact-us-2","status":"publish","type":"page","link":"https:\/\/akbakan.com\/?page_id=4221","title":{"rendered":"Contact Us 2"},"content":{"rendered":"\t\t<div data-elementor-type=\"wp-post\" data-elementor-id=\"4221\" class=\"elementor elementor-4221\" data-elementor-settings=\"[]\">\n\t\t\t\t\t\t<div class=\"elementor-inner\">\n\t\t\t\t\t\t\t<div class=\"elementor-section-wrap\">\n\t\t\t\t\t\t\t<section class=\"elementor-section elementor-top-section elementor-element elementor-element-3654885 elementor-section-full_width elementor-section-height-default elementor-section-height-default default-style\" data-id=\"3654885\" data-element_type=\"section\" data-settings=\"{&quot;rt_color_sets&quot;:&quot;default-style&quot;}\">\n\t\t\t\t\t\t<div class=\"elementor-container elementor-column-gap-default\">\n\t\t\t\t\t\t\t<div class=\"elementor-row\">\n\t\t\t\t\t<div class=\"elementor-column elementor-col-100 elementor-top-column elementor-element elementor-element-5223bb0\" data-id=\"5223bb0\" data-element_type=\"column\">\n\t\t\t<div class=\"elementor-column-wrap elementor-element-populated\">\n\t\t\t\t\t\t\t<div class=\"elementor-widget-wrap\">\n\t\t\t\t\t\t<div class=\"elementor-element elementor-element-c220154 elementor-widget elementor-widget-google_maps\" data-id=\"c220154\" data-element_type=\"widget\" data-widget_type=\"google_maps.default\">\n\t\t\t\t<div class=\"elementor-widget-container\">\n\t\t\t\t\t<div class=\"elementor-custom-embed\">\n\t\t\t<iframe frameborder=\"0\" scrolling=\"no\" marginheight=\"0\" marginwidth=\"0\"\n\t\t\t\t\tsrc=\"https:\/\/maps.google.com\/maps?q=Kar%C5%9F%C4%B1yaka%2C%20Denizkent%20Cd.%2C%2010900%20G%C3%B6nen%2FBal%C4%B1kesir%2C%20T%C3%BCrkiye&#038;t=m&#038;z=14&#038;output=embed&#038;iwloc=near\"\n\t\t\t\t\ttitle=\"Kar\u015f\u0131yaka, Denizkent Cd., 10900 G\u00f6nen\/Bal\u0131kesir, T\u00fcrkiye\"\n\t\t\t\t\taria-label=\"Kar\u015f\u0131yaka, Denizkent Cd., 10900 G\u00f6nen\/Bal\u0131kesir, T\u00fcrkiye\"\n\t\t\t><\/iframe>\n\t\t<\/div>\n\t\t\t\t<\/div>\n\t\t\t\t<\/div>\n\t\t\t\t\t\t<\/div>\n\t\t\t\t\t<\/div>\n\t\t<\/div>\n\t\t\t\t\t\t\t\t<\/div>\n\t\t\t\t\t<\/div>\n\t\t<\/section>\n\t\t\t\t<section class=\"elementor-section elementor-top-section elementor-element elementor-element-37pklxo elementor-section-boxed elementor-section-height-default elementor-section-height-default default-style\" data-id=\"37pklxo\" data-element_type=\"section\" data-settings=\"{&quot;rt_color_sets&quot;:&quot;default-style&quot;}\">\n\t\t\t\t\t\t<div class=\"elementor-container elementor-column-gap-default\">\n\t\t\t\t\t\t\t<div class=\"elementor-row\">\n\t\t\t\t\t<div class=\"elementor-column elementor-col-50 elementor-top-column elementor-element elementor-element-qew18gv\" data-id=\"qew18gv\" data-element_type=\"column\">\n\t\t\t<div class=\"elementor-column-wrap elementor-element-populated\">\n\t\t\t\t\t\t\t<div class=\"elementor-widget-wrap\">\n\t\t\t\t\t\t<div class=\"elementor-element elementor-element-2cbi5wl elementor-widget elementor-widget-rt-heading\" data-id=\"2cbi5wl\" data-element_type=\"widget\" data-widget_type=\"rt-heading.default\">\n\t\t\t\t<div class=\"elementor-widget-container\">\n\t\t\t<div class=\"rt-heading-wrapper\">\n\t\t\t\t\t\t<h4 class=\"rt-heading\" >\u0130leti\u015fim Bilgileri<\/h4>\n\t\t\t\t\t<\/div>\t\t<\/div>\n\t\t\t\t<\/div>\n\t\t\t\t<div class=\"elementor-element elementor-element-iauwvag elementor-icon-list--layout-traditional elementor-list-item-link-full_width elementor-widget elementor-widget-icon-list\" data-id=\"iauwvag\" data-element_type=\"widget\" data-widget_type=\"icon-list.default\">\n\t\t\t\t<div class=\"elementor-widget-container\">\n\t\t\t\t\t<ul class=\"elementor-icon-list-items\">\n\t\t\t\t\t\t\t<li class=\"elementor-icon-list-item\">\n\t\t\t\t\t\t\t\t\t\t\t<span class=\"elementor-icon-list-icon\">\n\t\t\t\t\t\t\t<i aria-hidden=\"true\" class=\"fasrt-elementor-icon icon-basic_geolocalize\"><\/i>\t\t\t\t\t\t<\/span>\n\t\t\t\t\t\t\t\t\t\t<span class=\"elementor-icon-list-text\">Kar\u015f\u0131yaka, Denizkent Cd., 10900 G\u00f6nen\/Bal\u0131kesir, T\u00fcrkiye<\/span>\n\t\t\t\t\t\t\t\t\t<\/li>\n\t\t\t\t\t\t\t\t<li class=\"elementor-icon-list-item\">\n\t\t\t\t\t\t\t\t\t\t\t<span class=\"elementor-icon-list-icon\">\n\t\t\t\t\t\t\t<i aria-hidden=\"true\" class=\"fasrt-elementor-icon icon-basic-smartphone\"><\/i>\t\t\t\t\t\t<\/span>\n\t\t\t\t\t\t\t\t\t\t<span class=\"elementor-icon-list-text\">444 5011<\/span>\n\t\t\t\t\t\t\t\t\t<\/li>\n\t\t\t\t\t\t\t\t<li class=\"elementor-icon-list-item\">\n\t\t\t\t\t\t\t\t\t\t\t<span class=\"elementor-icon-list-icon\">\n\t\t\t\t\t\t\t<i aria-hidden=\"true\" class=\"fasrt-elementor-icon icon-basic-smartphone\"><\/i>\t\t\t\t\t\t<\/span>\n\t\t\t\t\t\t\t\t\t\t<span class=\"elementor-icon-list-text\">G\u00f6nen -  0266 772 76 17<\/span>\n\t\t\t\t\t\t\t\t\t<\/li>\n\t\t\t\t\t\t\t\t<li class=\"elementor-icon-list-item\">\n\t\t\t\t\t\t\t\t\t\t\t<span class=\"elementor-icon-list-icon\">\n\t\t\t\t\t\t\t<i aria-hidden=\"true\" class=\"fasrt-elementor-icon icon-basic-mail\"><\/i>\t\t\t\t\t\t<\/span>\n\t\t\t\t\t\t\t\t\t\t<span class=\"elementor-icon-list-text\">bilgi@akbakan.com<\/span>\n\t\t\t\t\t\t\t\t\t<\/li>\n\t\t\t\t\t\t<\/ul>\n\t\t\t\t<\/div>\n\t\t\t\t<\/div>\n\t\t\t\t\t\t<\/div>\n\t\t\t\t\t<\/div>\n\t\t<\/div>\n\t\t\t\t<div class=\"elementor-column elementor-col-50 elementor-top-column elementor-element elementor-element-7bkipgb\" data-id=\"7bkipgb\" data-element_type=\"column\">\n\t\t\t<div class=\"elementor-column-wrap elementor-element-populated\">\n\t\t\t\t\t\t\t<div class=\"elementor-widget-wrap\">\n\t\t\t\t\t\t<div class=\"elementor-element elementor-element-kbqfjxt elementor-widget elementor-widget-rt-heading\" data-id=\"kbqfjxt\" data-element_type=\"widget\" data-widget_type=\"rt-heading.default\">\n\t\t\t\t<div class=\"elementor-widget-container\">\n\t\t\t<div class=\"rt-heading-wrapper\">\n\t\t\t\t\t\t<h4 class=\"rt-heading\" >\u0130leti\u015fim Formu<\/h4>\n\t\t\t\t\t<\/div>\t\t<\/div>\n\t\t\t\t<\/div>\n\t\t\t\t<div class=\"elementor-element elementor-element-jvmmqtt elementor-widget elementor-widget-rt-contact-form\" data-id=\"jvmmqtt\" data-element_type=\"widget\" data-widget_type=\"rt-contact-form.default\">\n\t\t\t\t<div class=\"elementor-widget-container\">\n\t\t\t\n\t\t<!-- contact form -->\n\t\t<div  class=\"contact_form  dynamic-class-45488\">\n\t\t<div class=\"clear\"><\/div><div class=\"result\"><\/div>\n\t\t\t<form action=\"#\" name=\"contact_form\" class=\"validate_form rt_form\" method=\"post\">\n\t\t\t\t<ul>\n\t\t\t\t\t<li class=\"form-input\"><input placeholder=\"\u0130sminiz\" id=\"name\" type=\"text\" name=\"name\" value=\"\" class=\"required\" \/> <\/li>\n\t\t\t\t\t<li class=\"form-input\"><input placeholder=\"Mailiniz\" id=\"email\" type=\"email\" name=\"email\" value=\"\" class=\"required email\" \/><\/li>\n\t\t\t\t\t<li class=\"form-input\"><textarea placeholder=\"Mesaj\u0131n\u0131z\" id=\"message\" name=\"message\" rows=\"8\" cols=\"40\" class=\"required\"><\/textarea><\/li>\n\t\t\t\t\t\t\t\t\n\t\t\t\t\t<li class=\"security-question\">2 + 52 = <input id=\"math\" placeholder=\"?\" type=\"text\" name=\"math\" value=\"\" class=\"required\" \/><\/li>\n\t\t\t\t\t<li class=\"submit-button\">\n\t\t\t\t\t<input type=\"hidden\" name=\"your_email\" value=\"ZnRvbGdhY2FuQGdtYWlsLmNvbQ==\"><input type=\"hidden\" name=\"dynamic_class\" value=\"dynamic-class-45488\"><input type=\"hidden\" name=\"rt_form_data\" value=\"NTQ=\"><input type=\"button\" class=\"button submit\" value=\"G\u00f6nder\"  \/><span class=\"loading\"><\/span>\n\t\t\t\t\t<\/li>\n\t\t\t\t<\/ul>\n\t\t\t<\/form>\n\t\t<\/div><div class=\"clear\"><\/div>\n\t\t<!-- \/contact form -->\t\t<\/div>\n\t\t\t\t<\/div>\n\t\t\t\t\t\t<\/div>\n\t\t\t\t\t<\/div>\n\t\t<\/div>\n\t\t\t\t\t\t\t\t<\/div>\n\t\t\t\t\t<\/div>\n\t\t<\/section>\n\t\t\t\t\t\t<\/div>\n\t\t\t\t\t\t<\/div>\n\t\t\t\t\t<\/div>\n\t\t","protected":false},"excerpt":{"rendered":"<p>\u0130leti\u015fim Bilgileri Kar\u015f\u0131yaka, Denizkent Cd., 10900 G\u00f6nen\/Bal\u0131kesir, T\u00fcrkiye 444 5011 G\u00f6nen &#8211; 0266 772 76 17 bilgi@akbakan.com \u0130leti\u015fim Formu 3 + 78 =<\/p>\n","protected":false},"author":1,"featured_media":0,"parent":0,"menu_order":0,"comment_status":"closed","ping_status":"closed","template":"","meta":{"footnotes":""},"class_list":["post-4221","page","type-page","status-publish","hentry"],"_links":{"self":[{"href":"https:\/\/akbakan.com\/index.php?rest_route=\/wp\/v2\/pages\/4221","targetHints":{"allow":["GET"]}}],"collection":[{"href":"https:\/\/akbakan.com\/index.php?rest_route=\/wp\/v2\/pages"}],"about":[{"href":"https:\/\/akbakan.com\/index.php?rest_route=\/wp\/v2\/types\/page"}],"author":[{"embeddable":true,"href":"https:\/\/akbakan.com\/index.php?rest_route=\/wp\/v2\/users\/1"}],"replies":[{"embeddable":true,"href":"https:\/\/akbakan.com\/index.php?rest_route=%2Fwp%2Fv2%2Fcomments&post=4221"}],"version-history":[{"count":9,"href":"https:\/\/akbakan.com\/index.php?rest_route=\/wp\/v2\/pages\/4221\/revisions"}],"predecessor-version":[{"id":4993,"href":"https:\/\/akbakan.com\/index.php?rest_route=\/wp\/v2\/pages\/4221\/revisions\/4993"}],"wp:attachment":[{"href":"https:\/\/akbakan.com\/index.php?rest_route=%2Fwp%2Fv2%2Fmedia&parent=4221"}],"curies":[{"name":"wp","href":"https:\/\/api.w.org\/{rel}","templated":true}]}}