{"id":30,"date":"2017-06-27T13:18:37","date_gmt":"2017-06-27T13:18:37","guid":{"rendered":"http:\/\/businesslounge-elementor.rtthemes.com\/?page_id=30"},"modified":"2017-06-27T13:18:37","modified_gmt":"2017-06-27T13:18:37","slug":"blog-right-sidebar","status":"publish","type":"page","link":"https:\/\/akbakan.com\/?page_id=30","title":{"rendered":"Blog"},"content":{"rendered":"\t\t<div data-elementor-type=\"wp-post\" data-elementor-id=\"30\" class=\"elementor elementor-30\" data-elementor-settings=\"[]\">\n\t\t\t\t\t\t<div class=\"elementor-inner\">\n\t\t\t\t\t\t\t<div class=\"elementor-section-wrap\">\n\t\t\t\t\t\t\t<section class=\"elementor-section elementor-top-section elementor-element elementor-element-xgklobj elementor-section-boxed elementor-section-height-default elementor-section-height-default default-style\" data-id=\"xgklobj\" data-element_type=\"section\" data-settings=\"{&quot;rt_color_sets&quot;:&quot;default-style&quot;}\">\n\t\t\t\t\t\t<div class=\"elementor-container elementor-column-gap-no\">\n\t\t\t\t\t\t\t<div class=\"elementor-row\">\n\t\t\t\t\t<div class=\"elementor-column elementor-col-100 elementor-top-column elementor-element elementor-element-kxhendd\" data-id=\"kxhendd\" data-element_type=\"column\">\n\t\t\t<div class=\"elementor-column-wrap elementor-element-populated\">\n\t\t\t\t\t\t\t<div class=\"elementor-widget-wrap\">\n\t\t\t\t\t\t<div class=\"elementor-element elementor-element-dqyoqda elementor-widget elementor-widget-rt-blog\" data-id=\"dqyoqda\" data-element_type=\"widget\" data-widget_type=\"rt-blog.default\">\n\t\t\t\t<div class=\"elementor-widget-container\">\n\t\t\t\n<div id=\"blog-dynamicID-852877\" class=\"blog_list clearfix row\" data-column-width=\"1\">\n<article id=\"5045\" class=\"col col-sm-12 post-5045 post type-post status-publish format-gallery hentry category-uncategorized post_format-post-format-gallery\"><div class=\"post-content-wrapper\">\n \n\n\n\n<!-- blog box-->\n\n\t\n\t \n\n\t<a href=\"https:\/\/akbakan.com\/?p=5045\" title=\"1986&#8217;dan g\u00fcn\u00fcm\u00fcze\" class=\"post-date\">A\u011fustos 15, 2023<\/a>\r\n\t\t<!-- meta data -->\r\n\t\t<div class=\"post_data\">\r\n\r\n\t\t\t\r\n\t\t\t\t\t\t<!-- user -->                                     \r\n\t\t\t<span class=\"user\">\r\n\t\t\tby  <a href=\"https:\/\/akbakan.com\/?author=1\" title=\"admin taraf\u0131ndan yaz\u0131lan yaz\u0131lar\" rel=\"author\">admin<\/a>\t\t\t\t\r\n\t\t\t<\/span>\r\n\r\n\t\t\t\t\t\t\t\r\n\t\t\t\r\n\t\t\t\r\n\t\t\t\t\t\t\r\n\t\t<\/div><!-- \/ end div  .post_data -->\r\n\t\t\t\t\t\n\n\t<div class=\"entry-content text\">\n\n\t\t<!-- blog headline-->\n\t\t<h4 class=\"entry-title\"><a href=\"https:\/\/akbakan.com\/?p=5045\" rel=\"bookmark\">1986&#8217;dan g\u00fcn\u00fcm\u00fcze<\/a><\/h4> \n\n\t\t\n\t\t\n<p>Akbakan Tar\u0131m Nakliyat Ticaret Ltd.\u015eti.&nbsp; 1986 y\u0131l\u0131nda 4 adal\u0131 bir istasyondan bug\u00fcn\u00fcm\u00fcze yenilikler yaparak ve b\u00fcnyesine katt\u0131\u011f\u0131 di\u011fer akaryak\u0131t istasyonlar\u0131yla Akaryak\u0131t sekt\u00f6r\u00fcnde ba\u015far\u0131 ile devam etmektedir.<\/p>\n\n\n\n<p>En temel de\u011ferlerimiz olan d\u00fcr\u00fcstl\u00fck, do\u011fruluk ve insanlara sayg\u0131, firmam\u0131z\u0131n Genel \u0130\u015f \u0130lkelerinin temelini olu\u015fturur.<\/p>\n\n\n\n<p>Firmam\u0131z\u0131n vizyonu ve misyonu do\u011frultusunda m\u00fc\u015fteri ihtiya\u00e7 ve&nbsp; beklentilerine uygun \u00fcr\u00fcnleri, \u00e7evreye ve insan sa\u011fl\u0131\u011f\u0131na uygun olarak&nbsp; sunmay\u0131, Faaliyette bulundu\u011fumuz t\u00fcm alanlarda, tam m\u00fc\u015fteri memnuniyeti sa\u011flamay\u0131, hedefliyoruz.<\/p>\n\t<\/div> \n\n\t<div class=\"entry-footer\">\n\n\t\t\n\t<\/div>\n\n<!-- \/ blog box--><\/div><\/article>\n<\/div>\n\t\t<\/div>\n\t\t\t\t<\/div>\n\t\t\t\t\t\t<\/div>\n\t\t\t\t\t<\/div>\n\t\t<\/div>\n\t\t\t\t\t\t\t\t<\/div>\n\t\t\t\t\t<\/div>\n\t\t<\/section>\n\t\t\t\t\t\t<\/div>\n\t\t\t\t\t\t<\/div>\n\t\t\t\t\t<\/div>\n\t\t","protected":false},"excerpt":{"rendered":"<p>Jun 27, 2017 by RT-Themes Global Automative Market Grows to $600 billion Lorem ipsum dolor sit amet, consectetur adipiscing elit. Proin sed diam sapien. Sed semper urna dictum tellus lacinia vehicula. Ut volutpat, augue vel auctor tincidunt, ligula sem pharetra dui, nec tincidunt ante mauris eu diam. Phasellus viverra nisl vitae cursus euismod. Suspendisse sit [&hellip;]<\/p>\n","protected":false},"author":1,"featured_media":0,"parent":0,"menu_order":0,"comment_status":"closed","ping_status":"closed","template":"","meta":{"footnotes":""},"class_list":["post-30","page","type-page","status-publish","hentry"],"_links":{"self":[{"href":"https:\/\/akbakan.com\/index.php?rest_route=\/wp\/v2\/pages\/30","targetHints":{"allow":["GET"]}}],"collection":[{"href":"https:\/\/akbakan.com\/index.php?rest_route=\/wp\/v2\/pages"}],"about":[{"href":"https:\/\/akbakan.com\/index.php?rest_route=\/wp\/v2\/types\/page"}],"author":[{"embeddable":true,"href":"https:\/\/akbakan.com\/index.php?rest_route=\/wp\/v2\/users\/1"}],"replies":[{"embeddable":true,"href":"https:\/\/akbakan.com\/index.php?rest_route=%2Fwp%2Fv2%2Fcomments&post=30"}],"version-history":[{"count":0,"href":"https:\/\/akbakan.com\/index.php?rest_route=\/wp\/v2\/pages\/30\/revisions"}],"wp:attachment":[{"href":"https:\/\/akbakan.com\/index.php?rest_route=%2Fwp%2Fv2%2Fmedia&parent=30"}],"curies":[{"name":"wp","href":"https:\/\/api.w.org\/{rel}","templated":true}]}}